{"id":2250,"date":"2013-10-09T11:22:42","date_gmt":"2013-10-09T17:22:42","guid":{"rendered":"http:\/\/www.psicologialaboral.net\/articulos\/?page_id=2250"},"modified":"2017-06-03T00:33:01","modified_gmt":"2017-06-03T06:33:01","slug":"descargas","status":"publish","type":"page","link":"https:\/\/www.psicologialaboral.net\/articulos\/descargas\/","title":{"rendered":"Pack de psicolog\u00eda laboral"},"content":{"rendered":"<h4 style=\"text-align: center;\"><img fetchpriority=\"high\" decoding=\"async\" class=\"aligncenter size-large wp-image-2662\" src=\"http:\/\/www.psicologialaboral.net\/articulos\/wp-content\/uploads\/2013\/10\/Grupo-Motiva-1024x372.png\" alt=\"Grupo Motiva\" width=\"780\" height=\"283\" srcset=\"https:\/\/www.psicologialaboral.net\/articulos\/wp-content\/uploads\/2013\/10\/Grupo-Motiva-1024x372.png 1024w, https:\/\/www.psicologialaboral.net\/articulos\/wp-content\/uploads\/2013\/10\/Grupo-Motiva-300x109.png 300w, https:\/\/www.psicologialaboral.net\/articulos\/wp-content\/uploads\/2013\/10\/Grupo-Motiva-768x279.png 768w, https:\/\/www.psicologialaboral.net\/articulos\/wp-content\/uploads\/2013\/10\/Grupo-Motiva.png 1366w\" sizes=\"(max-width: 780px) 100vw, 780px\" \/><\/h4>\n<p style=\"text-align: center;\"><em>Puede descargar en cuesti\u00f3n de segundos cualquiera de los 2 siguientes productos especiales que siempre se agradecer\u00e1 haber adquirido:<\/em><\/p>\n<hr \/>\n<p style=\"text-align: justify;\"><strong><img decoding=\"async\" class=\"aligncenter wp-image-2814 \" src=\"http:\/\/www.psicologialaboral.net\/articulos\/wp-content\/uploads\/2017\/04\/Psicolog\u00eda-positiva-cursos-web.jpg\" alt=\"\" width=\"422\" height=\"276\" srcset=\"https:\/\/www.psicologialaboral.net\/articulos\/wp-content\/uploads\/2017\/04\/Psicolog\u00eda-positiva-cursos-web.jpg 750w, https:\/\/www.psicologialaboral.net\/articulos\/wp-content\/uploads\/2017\/04\/Psicolog\u00eda-positiva-cursos-web-300x196.jpg 300w\" sizes=\"(max-width: 422px) 100vw, 422px\" \/>El mejor inicio para experimentar \u00a0el alcance de nuestras estrategias para el desarrollo de sus fortalezas, habilidades, talentos y competencias en diversas \u00e1reas.<\/strong><\/p>\n<p style=\"text-align: justify;\"><em>La investigaci\u00f3n muestra que las fortalezas y talentos\u00a0se pueden utilizar para tratar una variedad de desaf\u00edos de la vida y lograr <span style=\"text-decoration: underline;\">resultados positivos personales y profesionales.<\/span><\/em><\/p>\n<p style=\"text-align: justify;\">Como psic\u00f3logo, capacitador, coach, l\u00edder o encargado de Recursos humanos podr\u00e1 mediante este pack lograr servicios profesionales\u00a0que realmente hagan la diferencia en la vida de las personas.<\/p>\n<p style=\"text-align: left;\"><strong>Esto le va encantar! El pack incluye:<\/strong><\/p>\n<p>E-libro T\u00e9cnicas pr\u00e1cticas para la gesti\u00f3n del talento humano.<br \/>\n+ PDF con 75 ideas esenciales para su desarrollo personal.<br \/>\n+ E-libro T\u00e9cnicas de comportamiento humano: Para obtener lo mejor de las personas.<br \/>\n+ PDF con 50 ideas esenciales de psicolog\u00eda laboral.<br \/>\n+ Video Tu cerebro programa tus emociones.<br \/>\n+ Audio Inteligencia emocional.<br \/>\n+ Audio La aut\u00e9ntica Felicidad.<br \/>\n+ Audio Motivar a las personas al cambio.<br \/>\n+ Audio Encender! la creatividad.<br \/>\n+ Video 4 pasos para la auto-gesti\u00f3n del talento humano.<br \/>\n+ Video C\u00f3mo transformar el conocimiento en ACCI\u00d3N!.<br \/>\n+ Video La psicolog\u00eda del potencial Humano.<br \/>\n+ Video c\u00f3mo motivar basado en Maslow.<br \/>\n+ 19 p\u00e1ginas con psico-estrategias.<\/p>\n<p><em><strong><br \/>\n<img decoding=\"async\" class=\"wp-image-2337 alignleft\" src=\"http:\/\/www.psicologialaboral.net\/articulos\/wp-content\/uploads\/2014\/02\/motivacion-laboral-capacitacion.jpg\" alt=\"maslow motivacion laboral humana\" width=\"168\" height=\"119\" srcset=\"https:\/\/www.psicologialaboral.net\/articulos\/wp-content\/uploads\/2014\/02\/motivacion-laboral-capacitacion.jpg 606w, https:\/\/www.psicologialaboral.net\/articulos\/wp-content\/uploads\/2014\/02\/motivacion-laboral-capacitacion-300x213.jpg 300w, https:\/\/www.psicologialaboral.net\/articulos\/wp-content\/uploads\/2014\/02\/motivacion-laboral-capacitacion-170x120.jpg 170w, https:\/\/www.psicologialaboral.net\/articulos\/wp-content\/uploads\/2014\/02\/motivacion-laboral-capacitacion-284x201.jpg 284w\" sizes=\"(max-width: 168px) 100vw, 168px\" \/>+ Video Motivaci\u00f3n laboral sin depender del dinero.<\/strong><\/em><\/p>\n<p><em><strong> (Video-capacitaci\u00f3n de 1:13:19 horas para aprender efectivamente las acciones adecuadas para motivar a otras personas, crear ambientes positivos y facilitar el compromiso\u00a0 del personal desmotivado).<\/strong><\/em><\/p>\n<p>&nbsp;<\/p>\n<blockquote><p>Estamos totalmente seguros que le esperan nuevas experiencias pr\u00e1cticas, nuevas decisiones y nuevos resultados.<\/p><\/blockquote>\n<p><a href=\"http:\/\/enriquecetupsicologia.com\/psicogaleria\/372\/todoen1\/\">Click aqu\u00ed si desea ampliar informaci\u00f3n del contenido.<\/a><\/p>\n<p><a href=\"https:\/\/www.paypal.com\/cgi-bin\/webscr?cmd=_s-xclick&amp;hosted_button_id=H5766JVQTHRWN\">Click aqu\u00ed para descargar inmediatamente por $95 USD.<\/a><\/p>\n<p>&nbsp;<\/p>\n<hr \/>\n<p>&nbsp;<\/p>\n<h4 style=\"text-align: center;\"><img loading=\"lazy\" decoding=\"async\" class=\"wp-image-2650 alignleft\" src=\"http:\/\/www.psicologialaboral.net\/articulos\/wp-content\/uploads\/2016\/02\/IE-Curso.png\" alt=\"IE Curso\" width=\"362\" height=\"304\" srcset=\"https:\/\/www.psicologialaboral.net\/articulos\/wp-content\/uploads\/2016\/02\/IE-Curso.png 940w, https:\/\/www.psicologialaboral.net\/articulos\/wp-content\/uploads\/2016\/02\/IE-Curso-300x251.png 300w, https:\/\/www.psicologialaboral.net\/articulos\/wp-content\/uploads\/2016\/02\/IE-Curso-768x644.png 768w, https:\/\/www.psicologialaboral.net\/articulos\/wp-content\/uploads\/2016\/02\/IE-Curso-170x143.png 170w, https:\/\/www.psicologialaboral.net\/articulos\/wp-content\/uploads\/2016\/02\/IE-Curso-284x238.png 284w\" sizes=\"(max-width: 362px) 100vw, 362px\" \/>Una video capacitaci\u00f3n en inteligencia emocional, manejo del estr\u00e9s y bienestar psicol\u00f3gico.<\/h4>\n<p>Daniel Goleman en quien se basa esta video capacitaci\u00f3n expone:<\/p>\n<p><em>\u00abEl intelecto (conocimientos, habilidad mental, etc.) no puede funcionar adecuadamente sin el concurso de la inteligencia emocional\u00bb.<\/em><\/p>\n<p>Mientras usted no controle sus emociones usted seguir\u00e1 engordando, se limitar\u00e1 en las oportunidades de surgir, arruinar\u00e1 sus relaciones, no podr\u00e1 liderar ni siquiera su propia vida e inclusive envejecer\u00e1 m\u00e1s pronto.<\/p>\n<p>Siempre podr\u00e1 descubrir m\u00e1s sobre el manejo de emociones y lo que le permitir\u00e1 alcanzar en la vida, en este video se lo explicamos todo; pero sobre todo:<\/p>\n<blockquote><p>Le ense\u00f1amos ejercicios inmediatos para desarrollar inteligencia emocional total en usted o en las dem\u00e1s personas.<\/p><\/blockquote>\n<p>Un modelo paso a paso que es el m\u00e1s efectivo actualmente. Un tema que est\u00e1 y seguir\u00e1 siendo solicitado incluso en el mundo laboral. Le aseguramos que es una muy peque\u00f1a inversi\u00f3n para todo el beneficio que le podr\u00e1 dar de por vida.<\/p>\n<p><a href=\"http:\/\/enriquecetupsicologia.com\/e-learning\/1395\/descargar-inteligencia-emocional-video-capacitacion\/\" target=\"_blank\" rel=\"noopener noreferrer\">Click aqu\u00ed para ver contenido total.<\/a><\/p>\n<p><a href=\"https:\/\/www.paypal.com\/cgi-bin\/webscr?cmd=_s-xclick&amp;hosted_button_id=5A4YPYPK6LWGG\">Click aqu\u00ed\u00a0descargar inmediatamente por $80 USD.<\/a><\/p>\n<p>&nbsp;<\/p>\n<hr \/>\n<p>&nbsp;<\/p>\n<h2 style=\"text-align: center;\">Formas de pago.<\/h2>\n<p style=\"text-align: center;\">Mediante paypal, tarjeta y <a href=\"http:\/\/enriquecetupsicologia.com\/e-learning\/280\/psicologia-positiva-cursos\/\" target=\"_blank\" rel=\"noopener noreferrer\">Western Union<\/a>\u00a0desde cualquier pa\u00eds o ciudad.<\/p>\n<p style=\"text-align: center;\">Si usted es estudiante, pregunte por nuestras ofertas aplicables.<\/p>\n<blockquote>\n<p style=\"text-align: center;\">Somos 100% reales y con una trayectoria en capacitaci\u00f3n real y exitosa, le invitamos a revisar los testimonios que nos brindan casi a diario nuestros clientes y seguidores.<\/p>\n<\/blockquote>\n<h4 style=\"text-align: center;\"><a style=\"color: #ff4b33; line-height: 24px; font-size: 16px; text-align: center;\" href=\"http:\/\/enriquecetupsicologia.com\/e-learning\/695\/testimonios-de-mis-clientes\/\" target=\"_blank\" rel=\"noopener noreferrer\"><img loading=\"lazy\" decoding=\"async\" class=\"aligncenter\" src=\"http:\/\/enriquecetupsicologia.com\/e-learning\/wp-content\/uploads\/2013\/02\/Testimonios-Reales.jpg\" alt=\"Testimonios-Reales\" width=\"593\" height=\"174\" \/><\/a><\/h4>\n<p>&nbsp;<\/p>\n<p style=\"text-align: center;\">GRUPO MOTIVA<\/p>\n<p style=\"text-align: center;\">contacto@psicologialaboral.net<\/p>\n<p style=\"text-align: center;\">costarica@enriquecetupsicologia.com<\/p>\n<p style=\"text-align: center;\"><img loading=\"lazy\" decoding=\"async\" class=\"aligncenter wp-image-2626\" src=\"http:\/\/www.psicologialaboral.net\/articulos\/wp-content\/uploads\/2016\/02\/Grupo-Motiva-proyectos-1024x483.jpg\" alt=\"Grupo-Motiva-proyectos\" width=\"498\" height=\"235\" srcset=\"https:\/\/www.psicologialaboral.net\/articulos\/wp-content\/uploads\/2016\/02\/Grupo-Motiva-proyectos.jpg 1024w, https:\/\/www.psicologialaboral.net\/articulos\/wp-content\/uploads\/2016\/02\/Grupo-Motiva-proyectos-300x142.jpg 300w, https:\/\/www.psicologialaboral.net\/articulos\/wp-content\/uploads\/2016\/02\/Grupo-Motiva-proyectos-768x362.jpg 768w, https:\/\/www.psicologialaboral.net\/articulos\/wp-content\/uploads\/2016\/02\/Grupo-Motiva-proyectos-170x80.jpg 170w, https:\/\/www.psicologialaboral.net\/articulos\/wp-content\/uploads\/2016\/02\/Grupo-Motiva-proyectos-284x134.jpg 284w\" sizes=\"(max-width: 498px) 100vw, 498px\" \/><\/p>\n<h4 style=\"text-align: center;\"><img loading=\"lazy\" decoding=\"async\" class=\" wp-image-1215 aligncenter\" src=\"http:\/\/enriquecetupsicologia.com\/e-learning\/wp-content\/uploads\/2008\/04\/capacitaciones-digitales.jpg\" alt=\"capacitaciones digitales\" width=\"562\" height=\"83\" \/><\/h4>\n<p>&nbsp;<\/p>\n","protected":false},"excerpt":{"rendered":"<p>Puede descargar en cuesti\u00f3n de segundos cualquiera de los 2 siguientes productos especiales que siempre se agradecer\u00e1 haber adquirido: El mejor inicio para experimentar \u00a0el alcance de nuestras estrategias para el desarrollo de sus fortalezas, habilidades, talentos y competencias en diversas \u00e1reas. La investigaci\u00f3n muestra que las fortalezas y talentos\u00a0se pueden utilizar para tratar una<\/p>\n<p class=\"more-link\">\n<a class=\" he-btn\" href=\"https:\/\/www.psicologialaboral.net\/articulos\/descargas\/\">Leer m\u00e1s <span class=\"icon\">&rarr;<\/span><\/a><\/p>\n","protected":false},"author":2,"featured_media":0,"parent":0,"menu_order":2,"comment_status":"open","ping_status":"closed","template":"page-woocommerce.php","meta":{"footnotes":""},"class_list":["entry","author-eduardo","post-2250","page","type-page","status-publish"],"aioseo_notices":[],"_links":{"self":[{"href":"https:\/\/www.psicologialaboral.net\/articulos\/wp-json\/wp\/v2\/pages\/2250","targetHints":{"allow":["GET"]}}],"collection":[{"href":"https:\/\/www.psicologialaboral.net\/articulos\/wp-json\/wp\/v2\/pages"}],"about":[{"href":"https:\/\/www.psicologialaboral.net\/articulos\/wp-json\/wp\/v2\/types\/page"}],"author":[{"embeddable":true,"href":"https:\/\/www.psicologialaboral.net\/articulos\/wp-json\/wp\/v2\/users\/2"}],"replies":[{"embeddable":true,"href":"https:\/\/www.psicologialaboral.net\/articulos\/wp-json\/wp\/v2\/comments?post=2250"}],"version-history":[{"count":31,"href":"https:\/\/www.psicologialaboral.net\/articulos\/wp-json\/wp\/v2\/pages\/2250\/revisions"}],"predecessor-version":[{"id":2620,"href":"https:\/\/www.psicologialaboral.net\/articulos\/wp-json\/wp\/v2\/pages\/2250\/revisions\/2620"}],"wp:attachment":[{"href":"https:\/\/www.psicologialaboral.net\/articulos\/wp-json\/wp\/v2\/media?parent=2250"}],"curies":[{"name":"wp","href":"https:\/\/api.w.org\/{rel}","templated":true}]}}